{"id":1323,"date":"2024-02-03T00:56:24","date_gmt":"2024-02-03T06:56:24","guid":{"rendered":"https:\/\/www.hmsav.com.mx\/?page_id=1323"},"modified":"2024-02-03T22:12:55","modified_gmt":"2024-02-04T04:12:55","slug":"soporte-para-presentadores","status":"publish","type":"page","link":"https:\/\/hmgroupmx.com\/en\/soporte-para-presentadores\/","title":{"rendered":"Soporte para Presentadores"},"content":{"rendered":"<div data-elementor-type=\"wp-page\" data-elementor-id=\"1323\" class=\"elementor elementor-1323\" data-elementor-settings=\"{&quot;element_pack_global_tooltip_width&quot;:{&quot;unit&quot;:&quot;px&quot;,&quot;size&quot;:&quot;&quot;,&quot;sizes&quot;:[]},&quot;element_pack_global_tooltip_width_tablet&quot;:{&quot;unit&quot;:&quot;px&quot;,&quot;size&quot;:&quot;&quot;,&quot;sizes&quot;:[]},&quot;element_pack_global_tooltip_width_mobile&quot;:{&quot;unit&quot;:&quot;px&quot;,&quot;size&quot;:&quot;&quot;,&quot;sizes&quot;:[]},&quot;element_pack_global_tooltip_padding&quot;:{&quot;unit&quot;:&quot;px&quot;,&quot;top&quot;:&quot;&quot;,&quot;right&quot;:&quot;&quot;,&quot;bottom&quot;:&quot;&quot;,&quot;left&quot;:&quot;&quot;,&quot;isLinked&quot;:true},&quot;element_pack_global_tooltip_padding_tablet&quot;:{&quot;unit&quot;:&quot;px&quot;,&quot;top&quot;:&quot;&quot;,&quot;right&quot;:&quot;&quot;,&quot;bottom&quot;:&quot;&quot;,&quot;left&quot;:&quot;&quot;,&quot;isLinked&quot;:true},&quot;element_pack_global_tooltip_padding_mobile&quot;:{&quot;unit&quot;:&quot;px&quot;,&quot;top&quot;:&quot;&quot;,&quot;right&quot;:&quot;&quot;,&quot;bottom&quot;:&quot;&quot;,&quot;left&quot;:&quot;&quot;,&quot;isLinked&quot;:true},&quot;element_pack_global_tooltip_border_radius&quot;:{&quot;unit&quot;:&quot;px&quot;,&quot;top&quot;:&quot;&quot;,&quot;right&quot;:&quot;&quot;,&quot;bottom&quot;:&quot;&quot;,&quot;left&quot;:&quot;&quot;,&quot;isLinked&quot;:true},&quot;element_pack_global_tooltip_border_radius_tablet&quot;:{&quot;unit&quot;:&quot;px&quot;,&quot;top&quot;:&quot;&quot;,&quot;right&quot;:&quot;&quot;,&quot;bottom&quot;:&quot;&quot;,&quot;left&quot;:&quot;&quot;,&quot;isLinked&quot;:true},&quot;element_pack_global_tooltip_border_radius_mobile&quot;:{&quot;unit&quot;:&quot;px&quot;,&quot;top&quot;:&quot;&quot;,&quot;right&quot;:&quot;&quot;,&quot;bottom&quot;:&quot;&quot;,&quot;left&quot;:&quot;&quot;,&quot;isLinked&quot;:true}}\" data-elementor-post-type=\"page\">\n\t\t\t\t\t\t<section data-marvy_enable_drop_animation=\"false\" data-marvy_enable_fancy_rotate=\"false\" data-marvy_enable_flying_object=\"false\" data-marvy_enable_ripples_animation=\"false\" data-marvy_enable_waves_animation=\"false\" data-marvy_enable_rings_animation=\"false\" data-marvy_enable_topology_animation=\"false\" data-marvy_enable_gradient_animation=\"false\" data-marvy_enable_snow_animation=\"false\" data-marvy_enable_firework_animation=\"false\" data-marvy_enable_cloud_animation=\"false\" data-marvy_enable_birds_animation=\"false\" data-marvy_enable_cells_animation=\"false\" data-marvy_enable_dots_animation=\"false\" data-marvy_enable_fog_animation=\"false\" data-marvy_enable_globe_animation=\"false\" data-marvy_enable_halo_animation=\"false\" data-marvy_enable_net_animation=\"false\" data-marvy_enable_trunk_animation=\"false\" data-marvy_enable_fluid_animation=\"false\" data-marvy_enable_digitalstream_animation=\"false\" data-marvy_enable_floating_heart_animation=\"false\" data-marvy_enable_particles_wave_animation=\"false\" data-marvy_enable_dna_animation=\"false\" data-marvy_enable_beyblade_animation=\"false\" class=\"elementor-section elementor-top-section elementor-element elementor-element-a40bec6 elementor-section-boxed elementor-section-height-default elementor-section-height-default\" data-id=\"a40bec6\" data-element_type=\"section\">\n\t\t\t\t\t\t<div class=\"elementor-container elementor-column-gap-default\">\n\t\t\t\t\t<div class=\"elementor-column elementor-col-100 elementor-top-column elementor-element elementor-element-ee9e727\" data-id=\"ee9e727\" data-element_type=\"column\">\n\t\t\t<div class=\"elementor-widget-wrap elementor-element-populated\">\n\t\t\t\t\t\t<div class=\"elementor-element elementor-element-7490ce1 elementor-widget elementor-widget-text-editor\" data-id=\"7490ce1\" data-element_type=\"widget\" data-widget_type=\"text-editor.default\">\n\t\t\t\t<div class=\"elementor-widget-container\">\n\t\t\t\t\t\t\t\t\t<p>Sum\u00e9rgete en la tranquilidad y la confianza de saber que cada presentaci\u00f3n en tu evento ser\u00e1 un \u00e9xito absoluto con el soporte para presentadores de HM Group. Nosotros no solo creamos eventos audiovisuales excepcionales, tambi\u00e9n nos aseguramos de que cada presentador brille en el escenario con confianza y profesionalismo.<\/p><p>Nuestro servicio de soporte para presentadores va m\u00e1s all\u00e1 de lo convencional. Desde la asistencia t\u00e9cnica para configurar equipos hasta el asesoramiento personalizado sobre c\u00f3mo cautivar a la audiencia, estamos aqu\u00ed en cada paso del camino para garantizar que cada presentaci\u00f3n sea memorable y efectiva.<\/p><p>Imagina un escenario donde los presentadores se sienten seguros y empoderados para compartir sus ideas m\u00e1s brillantes y emocionantes. Con nuestro soporte, cada detalle se cuida meticulosamente para que los presentadores puedan enfocarse en lo que hacen mejor: inspirar, informar y entretener a la audiencia.<\/p><p>Conf\u00eda en HM Group para ser tu socio en el viaje hacia el \u00e9xito de tu evento. Con nuestro compromiso con la excelencia y la atenci\u00f3n al detalle, te garantizamos que cada presentador se sentir\u00e1 apoyado y preparado para ofrecer una presentaci\u00f3n que impacte y emocione a todos los presentes. D\u00e9janos ser la fuerza detr\u00e1s de tus presentadores, elevando cada momento a nuevas alturas de grandeza y logro.<\/p>\t\t\t\t\t\t\t\t<\/div>\n\t\t\t\t<\/div>\n\t\t\t\t\t<\/div>\n\t\t<\/div>\n\t\t\t\t\t<\/div>\n\t\t<\/section>\n\t\t\t\t<\/div>","protected":false},"excerpt":{"rendered":"<p>Sum\u00e9rgete en la tranquilidad y la confianza de saber que cada presentaci\u00f3n en tu evento ser\u00e1 un \u00e9xito absoluto con el soporte para presentadores de HM Group. Nosotros no solo creamos eventos audiovisuales excepcionales, tambi\u00e9n nos aseguramos de que cada presentador brille en el escenario con confianza y profesionalismo. Nuestro servicio de soporte para presentadores [&hellip;]<\/p>","protected":false},"author":1,"featured_media":0,"parent":0,"menu_order":0,"comment_status":"closed","ping_status":"closed","template":"","meta":{"_monsterinsights_skip_tracking":false,"_monsterinsights_sitenote_active":false,"_monsterinsights_sitenote_note":"","_monsterinsights_sitenote_category":0,"footnotes":""},"class_list":["post-1323","page","type-page","status-publish","hentry"],"yoast_head":"<!-- This site is optimized with the Yoast SEO plugin v26.3 - https:\/\/yoast.com\/wordpress\/plugins\/seo\/ -->\n<title>Soporte para Presentadores - HM Group<\/title>\n<meta name=\"robots\" content=\"index, follow, max-snippet:-1, max-image-preview:large, max-video-preview:-1\" \/>\n<link rel=\"canonical\" href=\"https:\/\/hmgroupmx.com\/en\/soporte-para-presentadores\/\" \/>\n<meta property=\"og:locale\" content=\"en_US\" \/>\n<meta property=\"og:type\" content=\"article\" \/>\n<meta property=\"og:title\" content=\"Soporte para Presentadores - HM Group\" \/>\n<meta property=\"og:description\" content=\"Sum\u00e9rgete en la tranquilidad y la confianza de saber que cada presentaci\u00f3n en tu evento ser\u00e1 un \u00e9xito absoluto con el soporte para presentadores de HM Group. Nosotros no solo creamos eventos audiovisuales excepcionales, tambi\u00e9n nos aseguramos de que cada presentador brille en el escenario con confianza y profesionalismo. Nuestro servicio de soporte para presentadores [&hellip;]\" \/>\n<meta property=\"og:url\" content=\"https:\/\/hmgroupmx.com\/en\/soporte-para-presentadores\/\" \/>\n<meta property=\"og:site_name\" content=\"HM Group\" \/>\n<meta property=\"article:publisher\" content=\"https:\/\/www.facebook.com\/profile.php?id=100057281447889\" \/>\n<meta property=\"article:modified_time\" content=\"2024-02-04T04:12:55+00:00\" \/>\n<meta name=\"twitter:card\" content=\"summary_large_image\" \/>\n<meta name=\"twitter:label1\" content=\"Est. reading time\" \/>\n\t<meta name=\"twitter:data1\" content=\"1 minute\" \/>\n<script type=\"application\/ld+json\" class=\"yoast-schema-graph\">{\"@context\":\"https:\/\/schema.org\",\"@graph\":[{\"@type\":\"WebPage\",\"@id\":\"https:\/\/hmgroupmx.com\/soporte-para-presentadores\/\",\"url\":\"https:\/\/hmgroupmx.com\/soporte-para-presentadores\/\",\"name\":\"Soporte para Presentadores - HM Group\",\"isPartOf\":{\"@id\":\"https:\/\/hmgroupmx.com\/#website\"},\"datePublished\":\"2024-02-03T06:56:24+00:00\",\"dateModified\":\"2024-02-04T04:12:55+00:00\",\"breadcrumb\":{\"@id\":\"https:\/\/hmgroupmx.com\/soporte-para-presentadores\/#breadcrumb\"},\"inLanguage\":\"en-US\",\"potentialAction\":[{\"@type\":\"ReadAction\",\"target\":[\"https:\/\/hmgroupmx.com\/soporte-para-presentadores\/\"]}]},{\"@type\":\"BreadcrumbList\",\"@id\":\"https:\/\/hmgroupmx.com\/soporte-para-presentadores\/#breadcrumb\",\"itemListElement\":[{\"@type\":\"ListItem\",\"position\":1,\"name\":\"Portada\",\"item\":\"https:\/\/hmgroupmx.com\/\"},{\"@type\":\"ListItem\",\"position\":2,\"name\":\"Soporte para Presentadores\"}]},{\"@type\":\"WebSite\",\"@id\":\"https:\/\/hmgroupmx.com\/#website\",\"url\":\"https:\/\/hmgroupmx.com\/\",\"name\":\"HM Group\",\"description\":\"Servicios Audiovisuales\",\"publisher\":{\"@id\":\"https:\/\/hmgroupmx.com\/#organization\"},\"potentialAction\":[{\"@type\":\"SearchAction\",\"target\":{\"@type\":\"EntryPoint\",\"urlTemplate\":\"https:\/\/hmgroupmx.com\/?s={search_term_string}\"},\"query-input\":{\"@type\":\"PropertyValueSpecification\",\"valueRequired\":true,\"valueName\":\"search_term_string\"}}],\"inLanguage\":\"en-US\"},{\"@type\":\"Organization\",\"@id\":\"https:\/\/hmgroupmx.com\/#organization\",\"name\":\"HM Group\",\"url\":\"https:\/\/hmgroupmx.com\/\",\"logo\":{\"@type\":\"ImageObject\",\"inLanguage\":\"en-US\",\"@id\":\"https:\/\/hmgroupmx.com\/#\/schema\/logo\/image\/\",\"url\":\"https:\/\/hmgroupmx.com\/wp-content\/uploads\/2025\/04\/Logo-con-fondo-500-x-500.jpg\",\"contentUrl\":\"https:\/\/hmgroupmx.com\/wp-content\/uploads\/2025\/04\/Logo-con-fondo-500-x-500.jpg\",\"width\":500,\"height\":500,\"caption\":\"HM Group\"},\"image\":{\"@id\":\"https:\/\/hmgroupmx.com\/#\/schema\/logo\/image\/\"},\"sameAs\":[\"https:\/\/www.facebook.com\/profile.php?id=100057281447889\"]}]}<\/script>\n<!-- \/ Yoast SEO plugin. -->","yoast_head_json":{"title":"Soporte para Presentadores - HM Group","robots":{"index":"index","follow":"follow","max-snippet":"max-snippet:-1","max-image-preview":"max-image-preview:large","max-video-preview":"max-video-preview:-1"},"canonical":"https:\/\/hmgroupmx.com\/en\/soporte-para-presentadores\/","og_locale":"en_US","og_type":"article","og_title":"Soporte para Presentadores - HM Group","og_description":"Sum\u00e9rgete en la tranquilidad y la confianza de saber que cada presentaci\u00f3n en tu evento ser\u00e1 un \u00e9xito absoluto con el soporte para presentadores de HM Group. Nosotros no solo creamos eventos audiovisuales excepcionales, tambi\u00e9n nos aseguramos de que cada presentador brille en el escenario con confianza y profesionalismo. Nuestro servicio de soporte para presentadores [&hellip;]","og_url":"https:\/\/hmgroupmx.com\/en\/soporte-para-presentadores\/","og_site_name":"HM Group","article_publisher":"https:\/\/www.facebook.com\/profile.php?id=100057281447889","article_modified_time":"2024-02-04T04:12:55+00:00","twitter_card":"summary_large_image","twitter_misc":{"Est. reading time":"1 minute"},"schema":{"@context":"https:\/\/schema.org","@graph":[{"@type":"WebPage","@id":"https:\/\/hmgroupmx.com\/soporte-para-presentadores\/","url":"https:\/\/hmgroupmx.com\/soporte-para-presentadores\/","name":"Soporte para Presentadores - HM Group","isPartOf":{"@id":"https:\/\/hmgroupmx.com\/#website"},"datePublished":"2024-02-03T06:56:24+00:00","dateModified":"2024-02-04T04:12:55+00:00","breadcrumb":{"@id":"https:\/\/hmgroupmx.com\/soporte-para-presentadores\/#breadcrumb"},"inLanguage":"en-US","potentialAction":[{"@type":"ReadAction","target":["https:\/\/hmgroupmx.com\/soporte-para-presentadores\/"]}]},{"@type":"BreadcrumbList","@id":"https:\/\/hmgroupmx.com\/soporte-para-presentadores\/#breadcrumb","itemListElement":[{"@type":"ListItem","position":1,"name":"Portada","item":"https:\/\/hmgroupmx.com\/"},{"@type":"ListItem","position":2,"name":"Soporte para Presentadores"}]},{"@type":"WebSite","@id":"https:\/\/hmgroupmx.com\/#website","url":"https:\/\/hmgroupmx.com\/","name":"HM Group","description":"Servicios Audiovisuales","publisher":{"@id":"https:\/\/hmgroupmx.com\/#organization"},"potentialAction":[{"@type":"SearchAction","target":{"@type":"EntryPoint","urlTemplate":"https:\/\/hmgroupmx.com\/?s={search_term_string}"},"query-input":{"@type":"PropertyValueSpecification","valueRequired":true,"valueName":"search_term_string"}}],"inLanguage":"en-US"},{"@type":"Organization","@id":"https:\/\/hmgroupmx.com\/#organization","name":"HM Group","url":"https:\/\/hmgroupmx.com\/","logo":{"@type":"ImageObject","inLanguage":"en-US","@id":"https:\/\/hmgroupmx.com\/#\/schema\/logo\/image\/","url":"https:\/\/hmgroupmx.com\/wp-content\/uploads\/2025\/04\/Logo-con-fondo-500-x-500.jpg","contentUrl":"https:\/\/hmgroupmx.com\/wp-content\/uploads\/2025\/04\/Logo-con-fondo-500-x-500.jpg","width":500,"height":500,"caption":"HM Group"},"image":{"@id":"https:\/\/hmgroupmx.com\/#\/schema\/logo\/image\/"},"sameAs":["https:\/\/www.facebook.com\/profile.php?id=100057281447889"]}]}},"_links":{"self":[{"href":"https:\/\/hmgroupmx.com\/en\/wp-json\/wp\/v2\/pages\/1323","targetHints":{"allow":["GET"]}}],"collection":[{"href":"https:\/\/hmgroupmx.com\/en\/wp-json\/wp\/v2\/pages"}],"about":[{"href":"https:\/\/hmgroupmx.com\/en\/wp-json\/wp\/v2\/types\/page"}],"author":[{"embeddable":true,"href":"https:\/\/hmgroupmx.com\/en\/wp-json\/wp\/v2\/users\/1"}],"replies":[{"embeddable":true,"href":"https:\/\/hmgroupmx.com\/en\/wp-json\/wp\/v2\/comments?post=1323"}],"version-history":[{"count":7,"href":"https:\/\/hmgroupmx.com\/en\/wp-json\/wp\/v2\/pages\/1323\/revisions"}],"predecessor-version":[{"id":1393,"href":"https:\/\/hmgroupmx.com\/en\/wp-json\/wp\/v2\/pages\/1323\/revisions\/1393"}],"wp:attachment":[{"href":"https:\/\/hmgroupmx.com\/en\/wp-json\/wp\/v2\/media?parent=1323"}],"curies":[{"name":"wp","href":"https:\/\/api.w.org\/{rel}","templated":true}]}}