{"id":1673,"date":"2024-02-07T05:36:51","date_gmt":"2024-02-07T11:36:51","guid":{"rendered":"https:\/\/www.hmsav.com.mx\/?page_id=1673"},"modified":"2024-02-07T05:39:07","modified_gmt":"2024-02-07T11:39:07","slug":"traduccion-simultanea","status":"publish","type":"page","link":"https:\/\/hmgroupmx.com\/en\/traduccion-simultanea\/","title":{"rendered":"Traduccion Simultanea"},"content":{"rendered":"<div data-elementor-type=\"wp-page\" data-elementor-id=\"1673\" class=\"elementor elementor-1673\" data-elementor-settings=\"{&quot;element_pack_global_tooltip_width&quot;:{&quot;unit&quot;:&quot;px&quot;,&quot;size&quot;:&quot;&quot;,&quot;sizes&quot;:[]},&quot;element_pack_global_tooltip_width_tablet&quot;:{&quot;unit&quot;:&quot;px&quot;,&quot;size&quot;:&quot;&quot;,&quot;sizes&quot;:[]},&quot;element_pack_global_tooltip_width_mobile&quot;:{&quot;unit&quot;:&quot;px&quot;,&quot;size&quot;:&quot;&quot;,&quot;sizes&quot;:[]},&quot;element_pack_global_tooltip_padding&quot;:{&quot;unit&quot;:&quot;px&quot;,&quot;top&quot;:&quot;&quot;,&quot;right&quot;:&quot;&quot;,&quot;bottom&quot;:&quot;&quot;,&quot;left&quot;:&quot;&quot;,&quot;isLinked&quot;:true},&quot;element_pack_global_tooltip_padding_tablet&quot;:{&quot;unit&quot;:&quot;px&quot;,&quot;top&quot;:&quot;&quot;,&quot;right&quot;:&quot;&quot;,&quot;bottom&quot;:&quot;&quot;,&quot;left&quot;:&quot;&quot;,&quot;isLinked&quot;:true},&quot;element_pack_global_tooltip_padding_mobile&quot;:{&quot;unit&quot;:&quot;px&quot;,&quot;top&quot;:&quot;&quot;,&quot;right&quot;:&quot;&quot;,&quot;bottom&quot;:&quot;&quot;,&quot;left&quot;:&quot;&quot;,&quot;isLinked&quot;:true},&quot;element_pack_global_tooltip_border_radius&quot;:{&quot;unit&quot;:&quot;px&quot;,&quot;top&quot;:&quot;&quot;,&quot;right&quot;:&quot;&quot;,&quot;bottom&quot;:&quot;&quot;,&quot;left&quot;:&quot;&quot;,&quot;isLinked&quot;:true},&quot;element_pack_global_tooltip_border_radius_tablet&quot;:{&quot;unit&quot;:&quot;px&quot;,&quot;top&quot;:&quot;&quot;,&quot;right&quot;:&quot;&quot;,&quot;bottom&quot;:&quot;&quot;,&quot;left&quot;:&quot;&quot;,&quot;isLinked&quot;:true},&quot;element_pack_global_tooltip_border_radius_mobile&quot;:{&quot;unit&quot;:&quot;px&quot;,&quot;top&quot;:&quot;&quot;,&quot;right&quot;:&quot;&quot;,&quot;bottom&quot;:&quot;&quot;,&quot;left&quot;:&quot;&quot;,&quot;isLinked&quot;:true}}\" data-elementor-post-type=\"page\">\n\t\t\t\t\t\t<section data-marvy_enable_drop_animation=\"false\" data-marvy_enable_fancy_rotate=\"false\" data-marvy_enable_flying_object=\"false\" data-marvy_enable_ripples_animation=\"false\" data-marvy_enable_waves_animation=\"false\" data-marvy_enable_rings_animation=\"false\" data-marvy_enable_topology_animation=\"false\" data-marvy_enable_gradient_animation=\"false\" data-marvy_enable_snow_animation=\"false\" data-marvy_enable_firework_animation=\"false\" data-marvy_enable_cloud_animation=\"false\" data-marvy_enable_birds_animation=\"false\" data-marvy_enable_cells_animation=\"false\" data-marvy_enable_dots_animation=\"false\" data-marvy_enable_fog_animation=\"false\" data-marvy_enable_globe_animation=\"false\" data-marvy_enable_halo_animation=\"false\" data-marvy_enable_net_animation=\"false\" data-marvy_enable_trunk_animation=\"false\" data-marvy_enable_fluid_animation=\"false\" data-marvy_enable_digitalstream_animation=\"false\" data-marvy_enable_floating_heart_animation=\"false\" data-marvy_enable_particles_wave_animation=\"false\" data-marvy_enable_dna_animation=\"false\" data-marvy_enable_beyblade_animation=\"false\" class=\"elementor-section elementor-top-section elementor-element elementor-element-19570a7 elementor-section-boxed elementor-section-height-default elementor-section-height-default\" data-id=\"19570a7\" data-element_type=\"section\">\n\t\t\t\t\t\t<div class=\"elementor-container elementor-column-gap-default\">\n\t\t\t\t\t<div class=\"elementor-column elementor-col-100 elementor-top-column elementor-element elementor-element-38ca5fa\" data-id=\"38ca5fa\" data-element_type=\"column\">\n\t\t\t<div class=\"elementor-widget-wrap elementor-element-populated\">\n\t\t\t\t\t\t<div class=\"elementor-element elementor-element-43bb36e elementor-widget elementor-widget-text-editor\" data-id=\"43bb36e\" data-element_type=\"widget\" data-widget_type=\"text-editor.default\">\n\t\t\t\t<div class=\"elementor-widget-container\">\n\t\t\t\t\t\t\t\t\t<p>La traducci\u00f3n simult\u00e1nea para eventos audiovisuales es un servicio que permite a los asistentes de diferentes idiomas entender el contenido de una presentaci\u00f3n, discurso o evento en tiempo real. Consiste en la transmisi\u00f3n simult\u00e1nea de la traducci\u00f3n del discurso original a trav\u00e9s de auriculares o dispositivos similares, permitiendo que cada oyente seleccione el idioma en el que desea escuchar la traducci\u00f3n.<\/p><p>En eventos audiovisuales, la traducci\u00f3n simult\u00e1nea puede ser especialmente \u00fatil para conferencias internacionales, presentaciones multiling\u00fces, transmisiones en vivo de eventos globales, entre otros. Este servicio garantiza que todos los participantes puedan acceder al contenido del evento en su idioma nativo, mejorando as\u00ed la comprensi\u00f3n y la experiencia general del evento.<\/p><p>\u00a0<\/p><p>Sum\u00e9rgete en la diversidad de idiomas y culturas con el servicio de Traducci\u00f3n Simult\u00e1nea para Eventos Audiovisuales de HM Group. Desbloqueamos las barreras ling\u00fc\u00edsticas para que cada palabra resuene con claridad y precisi\u00f3n, independientemente del idioma que hable tu audiencia.<\/p><p>Imagina un evento donde cada asistente se siente escuchado y comprendido, donde las fronteras ling\u00fc\u00edsticas se desvanecen y la comunicaci\u00f3n fluye sin obst\u00e1culos. Con nuestra experiencia en traducci\u00f3n simult\u00e1nea, convertimos esta visi\u00f3n en una realidad palpable, permitiendo que tus mensajes trasciendan las limitaciones del idioma y lleguen directamente al coraz\u00f3n de cada oyente.<\/p><p>Desde conferencias internacionales hasta presentaciones multiling\u00fces, nuestro servicio de traducci\u00f3n simult\u00e1nea garantiza que cada participante se sienta parte integral del evento, sin importar su idioma nativo. Conf\u00eda en HM Group para brindarte una experiencia de evento verdaderamente inclusiva y global, donde la diversidad ling\u00fc\u00edstica se convierte en una fuente de riqueza y enriquecimiento.<\/p><p>D\u00e9janos ser el puente que conecta tus ideas con el mundo. Con nuestro compromiso con la excelencia y nuestra pasi\u00f3n por derribar barreras, aseguramos que cada palabra sea entendida, cada mensaje sea recibido y cada evento sea recordado como una experiencia inspiradora y transformadora.<\/p>\t\t\t\t\t\t\t\t<\/div>\n\t\t\t\t<\/div>\n\t\t\t\t\t<\/div>\n\t\t<\/div>\n\t\t\t\t\t<\/div>\n\t\t<\/section>\n\t\t\t\t<\/div>","protected":false},"excerpt":{"rendered":"<p>La traducci\u00f3n simult\u00e1nea para eventos audiovisuales es un servicio que permite a los asistentes de diferentes idiomas entender el contenido de una presentaci\u00f3n, discurso o evento en tiempo real. Consiste en la transmisi\u00f3n simult\u00e1nea de la traducci\u00f3n del discurso original a trav\u00e9s de auriculares o dispositivos similares, permitiendo que cada oyente seleccione el idioma en [&hellip;]<\/p>","protected":false},"author":1,"featured_media":0,"parent":0,"menu_order":0,"comment_status":"closed","ping_status":"closed","template":"","meta":{"_monsterinsights_skip_tracking":false,"_monsterinsights_sitenote_active":false,"_monsterinsights_sitenote_note":"","_monsterinsights_sitenote_category":0,"footnotes":""},"class_list":["post-1673","page","type-page","status-publish","hentry"],"yoast_head":"<!-- This site is optimized with the Yoast SEO plugin v26.3 - https:\/\/yoast.com\/wordpress\/plugins\/seo\/ -->\n<title>Traduccion Simultanea - HM Group<\/title>\n<meta name=\"robots\" content=\"index, follow, max-snippet:-1, max-image-preview:large, max-video-preview:-1\" \/>\n<link rel=\"canonical\" href=\"https:\/\/hmgroupmx.com\/en\/traduccion-simultanea\/\" \/>\n<meta property=\"og:locale\" content=\"en_US\" \/>\n<meta property=\"og:type\" content=\"article\" \/>\n<meta property=\"og:title\" content=\"Traduccion Simultanea - HM Group\" \/>\n<meta property=\"og:description\" content=\"La traducci\u00f3n simult\u00e1nea para eventos audiovisuales es un servicio que permite a los asistentes de diferentes idiomas entender el contenido de una presentaci\u00f3n, discurso o evento en tiempo real. Consiste en la transmisi\u00f3n simult\u00e1nea de la traducci\u00f3n del discurso original a trav\u00e9s de auriculares o dispositivos similares, permitiendo que cada oyente seleccione el idioma en [&hellip;]\" \/>\n<meta property=\"og:url\" content=\"https:\/\/hmgroupmx.com\/en\/traduccion-simultanea\/\" \/>\n<meta property=\"og:site_name\" content=\"HM Group\" \/>\n<meta property=\"article:publisher\" content=\"https:\/\/www.facebook.com\/profile.php?id=100057281447889\" \/>\n<meta property=\"article:modified_time\" content=\"2024-02-07T11:39:07+00:00\" \/>\n<meta name=\"twitter:card\" content=\"summary_large_image\" \/>\n<meta name=\"twitter:label1\" content=\"Est. reading time\" \/>\n\t<meta name=\"twitter:data1\" content=\"2 minutes\" \/>\n<script type=\"application\/ld+json\" class=\"yoast-schema-graph\">{\"@context\":\"https:\/\/schema.org\",\"@graph\":[{\"@type\":\"WebPage\",\"@id\":\"https:\/\/hmgroupmx.com\/traduccion-simultanea\/\",\"url\":\"https:\/\/hmgroupmx.com\/traduccion-simultanea\/\",\"name\":\"Traduccion Simultanea - HM Group\",\"isPartOf\":{\"@id\":\"https:\/\/hmgroupmx.com\/#website\"},\"datePublished\":\"2024-02-07T11:36:51+00:00\",\"dateModified\":\"2024-02-07T11:39:07+00:00\",\"breadcrumb\":{\"@id\":\"https:\/\/hmgroupmx.com\/traduccion-simultanea\/#breadcrumb\"},\"inLanguage\":\"en-US\",\"potentialAction\":[{\"@type\":\"ReadAction\",\"target\":[\"https:\/\/hmgroupmx.com\/traduccion-simultanea\/\"]}]},{\"@type\":\"BreadcrumbList\",\"@id\":\"https:\/\/hmgroupmx.com\/traduccion-simultanea\/#breadcrumb\",\"itemListElement\":[{\"@type\":\"ListItem\",\"position\":1,\"name\":\"Portada\",\"item\":\"https:\/\/hmgroupmx.com\/\"},{\"@type\":\"ListItem\",\"position\":2,\"name\":\"Traduccion Simultanea\"}]},{\"@type\":\"WebSite\",\"@id\":\"https:\/\/hmgroupmx.com\/#website\",\"url\":\"https:\/\/hmgroupmx.com\/\",\"name\":\"HM Group\",\"description\":\"Servicios Audiovisuales\",\"publisher\":{\"@id\":\"https:\/\/hmgroupmx.com\/#organization\"},\"potentialAction\":[{\"@type\":\"SearchAction\",\"target\":{\"@type\":\"EntryPoint\",\"urlTemplate\":\"https:\/\/hmgroupmx.com\/?s={search_term_string}\"},\"query-input\":{\"@type\":\"PropertyValueSpecification\",\"valueRequired\":true,\"valueName\":\"search_term_string\"}}],\"inLanguage\":\"en-US\"},{\"@type\":\"Organization\",\"@id\":\"https:\/\/hmgroupmx.com\/#organization\",\"name\":\"HM Group\",\"url\":\"https:\/\/hmgroupmx.com\/\",\"logo\":{\"@type\":\"ImageObject\",\"inLanguage\":\"en-US\",\"@id\":\"https:\/\/hmgroupmx.com\/#\/schema\/logo\/image\/\",\"url\":\"https:\/\/hmgroupmx.com\/wp-content\/uploads\/2025\/04\/Logo-con-fondo-500-x-500.jpg\",\"contentUrl\":\"https:\/\/hmgroupmx.com\/wp-content\/uploads\/2025\/04\/Logo-con-fondo-500-x-500.jpg\",\"width\":500,\"height\":500,\"caption\":\"HM Group\"},\"image\":{\"@id\":\"https:\/\/hmgroupmx.com\/#\/schema\/logo\/image\/\"},\"sameAs\":[\"https:\/\/www.facebook.com\/profile.php?id=100057281447889\"]}]}<\/script>\n<!-- \/ Yoast SEO plugin. -->","yoast_head_json":{"title":"Traduccion Simultanea - HM Group","robots":{"index":"index","follow":"follow","max-snippet":"max-snippet:-1","max-image-preview":"max-image-preview:large","max-video-preview":"max-video-preview:-1"},"canonical":"https:\/\/hmgroupmx.com\/en\/traduccion-simultanea\/","og_locale":"en_US","og_type":"article","og_title":"Traduccion Simultanea - HM Group","og_description":"La traducci\u00f3n simult\u00e1nea para eventos audiovisuales es un servicio que permite a los asistentes de diferentes idiomas entender el contenido de una presentaci\u00f3n, discurso o evento en tiempo real. Consiste en la transmisi\u00f3n simult\u00e1nea de la traducci\u00f3n del discurso original a trav\u00e9s de auriculares o dispositivos similares, permitiendo que cada oyente seleccione el idioma en [&hellip;]","og_url":"https:\/\/hmgroupmx.com\/en\/traduccion-simultanea\/","og_site_name":"HM Group","article_publisher":"https:\/\/www.facebook.com\/profile.php?id=100057281447889","article_modified_time":"2024-02-07T11:39:07+00:00","twitter_card":"summary_large_image","twitter_misc":{"Est. reading time":"2 minutes"},"schema":{"@context":"https:\/\/schema.org","@graph":[{"@type":"WebPage","@id":"https:\/\/hmgroupmx.com\/traduccion-simultanea\/","url":"https:\/\/hmgroupmx.com\/traduccion-simultanea\/","name":"Traduccion Simultanea - HM Group","isPartOf":{"@id":"https:\/\/hmgroupmx.com\/#website"},"datePublished":"2024-02-07T11:36:51+00:00","dateModified":"2024-02-07T11:39:07+00:00","breadcrumb":{"@id":"https:\/\/hmgroupmx.com\/traduccion-simultanea\/#breadcrumb"},"inLanguage":"en-US","potentialAction":[{"@type":"ReadAction","target":["https:\/\/hmgroupmx.com\/traduccion-simultanea\/"]}]},{"@type":"BreadcrumbList","@id":"https:\/\/hmgroupmx.com\/traduccion-simultanea\/#breadcrumb","itemListElement":[{"@type":"ListItem","position":1,"name":"Portada","item":"https:\/\/hmgroupmx.com\/"},{"@type":"ListItem","position":2,"name":"Traduccion Simultanea"}]},{"@type":"WebSite","@id":"https:\/\/hmgroupmx.com\/#website","url":"https:\/\/hmgroupmx.com\/","name":"HM Group","description":"Servicios Audiovisuales","publisher":{"@id":"https:\/\/hmgroupmx.com\/#organization"},"potentialAction":[{"@type":"SearchAction","target":{"@type":"EntryPoint","urlTemplate":"https:\/\/hmgroupmx.com\/?s={search_term_string}"},"query-input":{"@type":"PropertyValueSpecification","valueRequired":true,"valueName":"search_term_string"}}],"inLanguage":"en-US"},{"@type":"Organization","@id":"https:\/\/hmgroupmx.com\/#organization","name":"HM Group","url":"https:\/\/hmgroupmx.com\/","logo":{"@type":"ImageObject","inLanguage":"en-US","@id":"https:\/\/hmgroupmx.com\/#\/schema\/logo\/image\/","url":"https:\/\/hmgroupmx.com\/wp-content\/uploads\/2025\/04\/Logo-con-fondo-500-x-500.jpg","contentUrl":"https:\/\/hmgroupmx.com\/wp-content\/uploads\/2025\/04\/Logo-con-fondo-500-x-500.jpg","width":500,"height":500,"caption":"HM Group"},"image":{"@id":"https:\/\/hmgroupmx.com\/#\/schema\/logo\/image\/"},"sameAs":["https:\/\/www.facebook.com\/profile.php?id=100057281447889"]}]}},"_links":{"self":[{"href":"https:\/\/hmgroupmx.com\/en\/wp-json\/wp\/v2\/pages\/1673","targetHints":{"allow":["GET"]}}],"collection":[{"href":"https:\/\/hmgroupmx.com\/en\/wp-json\/wp\/v2\/pages"}],"about":[{"href":"https:\/\/hmgroupmx.com\/en\/wp-json\/wp\/v2\/types\/page"}],"author":[{"embeddable":true,"href":"https:\/\/hmgroupmx.com\/en\/wp-json\/wp\/v2\/users\/1"}],"replies":[{"embeddable":true,"href":"https:\/\/hmgroupmx.com\/en\/wp-json\/wp\/v2\/comments?post=1673"}],"version-history":[{"count":5,"href":"https:\/\/hmgroupmx.com\/en\/wp-json\/wp\/v2\/pages\/1673\/revisions"}],"predecessor-version":[{"id":1680,"href":"https:\/\/hmgroupmx.com\/en\/wp-json\/wp\/v2\/pages\/1673\/revisions\/1680"}],"wp:attachment":[{"href":"https:\/\/hmgroupmx.com\/en\/wp-json\/wp\/v2\/media?parent=1673"}],"curies":[{"name":"wp","href":"https:\/\/api.w.org\/{rel}","templated":true}]}}