{"id":1729,"date":"2024-02-08T02:49:22","date_gmt":"2024-02-08T08:49:22","guid":{"rendered":"https:\/\/www.hmsav.com.mx\/?page_id=1729"},"modified":"2024-02-08T02:51:45","modified_gmt":"2024-02-08T08:51:45","slug":"gestion-de-contenido","status":"publish","type":"page","link":"https:\/\/hmgroupmx.com\/en\/gestion-de-contenido\/","title":{"rendered":"Gesti\u00f3n de Contenido"},"content":{"rendered":"<div data-elementor-type=\"wp-page\" data-elementor-id=\"1729\" class=\"elementor elementor-1729\" data-elementor-settings=\"{&quot;element_pack_global_tooltip_width&quot;:{&quot;unit&quot;:&quot;px&quot;,&quot;size&quot;:&quot;&quot;,&quot;sizes&quot;:[]},&quot;element_pack_global_tooltip_width_tablet&quot;:{&quot;unit&quot;:&quot;px&quot;,&quot;size&quot;:&quot;&quot;,&quot;sizes&quot;:[]},&quot;element_pack_global_tooltip_width_mobile&quot;:{&quot;unit&quot;:&quot;px&quot;,&quot;size&quot;:&quot;&quot;,&quot;sizes&quot;:[]},&quot;element_pack_global_tooltip_padding&quot;:{&quot;unit&quot;:&quot;px&quot;,&quot;top&quot;:&quot;&quot;,&quot;right&quot;:&quot;&quot;,&quot;bottom&quot;:&quot;&quot;,&quot;left&quot;:&quot;&quot;,&quot;isLinked&quot;:true},&quot;element_pack_global_tooltip_padding_tablet&quot;:{&quot;unit&quot;:&quot;px&quot;,&quot;top&quot;:&quot;&quot;,&quot;right&quot;:&quot;&quot;,&quot;bottom&quot;:&quot;&quot;,&quot;left&quot;:&quot;&quot;,&quot;isLinked&quot;:true},&quot;element_pack_global_tooltip_padding_mobile&quot;:{&quot;unit&quot;:&quot;px&quot;,&quot;top&quot;:&quot;&quot;,&quot;right&quot;:&quot;&quot;,&quot;bottom&quot;:&quot;&quot;,&quot;left&quot;:&quot;&quot;,&quot;isLinked&quot;:true},&quot;element_pack_global_tooltip_border_radius&quot;:{&quot;unit&quot;:&quot;px&quot;,&quot;top&quot;:&quot;&quot;,&quot;right&quot;:&quot;&quot;,&quot;bottom&quot;:&quot;&quot;,&quot;left&quot;:&quot;&quot;,&quot;isLinked&quot;:true},&quot;element_pack_global_tooltip_border_radius_tablet&quot;:{&quot;unit&quot;:&quot;px&quot;,&quot;top&quot;:&quot;&quot;,&quot;right&quot;:&quot;&quot;,&quot;bottom&quot;:&quot;&quot;,&quot;left&quot;:&quot;&quot;,&quot;isLinked&quot;:true},&quot;element_pack_global_tooltip_border_radius_mobile&quot;:{&quot;unit&quot;:&quot;px&quot;,&quot;top&quot;:&quot;&quot;,&quot;right&quot;:&quot;&quot;,&quot;bottom&quot;:&quot;&quot;,&quot;left&quot;:&quot;&quot;,&quot;isLinked&quot;:true}}\" data-elementor-post-type=\"page\">\n\t\t\t\t\t\t<section data-marvy_enable_drop_animation=\"false\" data-marvy_enable_fancy_rotate=\"false\" data-marvy_enable_flying_object=\"false\" data-marvy_enable_ripples_animation=\"false\" data-marvy_enable_waves_animation=\"false\" data-marvy_enable_rings_animation=\"false\" data-marvy_enable_topology_animation=\"false\" data-marvy_enable_gradient_animation=\"false\" data-marvy_enable_snow_animation=\"false\" data-marvy_enable_firework_animation=\"false\" data-marvy_enable_cloud_animation=\"false\" data-marvy_enable_birds_animation=\"false\" data-marvy_enable_cells_animation=\"false\" data-marvy_enable_dots_animation=\"false\" data-marvy_enable_fog_animation=\"false\" data-marvy_enable_globe_animation=\"false\" data-marvy_enable_halo_animation=\"false\" data-marvy_enable_net_animation=\"false\" data-marvy_enable_trunk_animation=\"false\" data-marvy_enable_fluid_animation=\"false\" data-marvy_enable_digitalstream_animation=\"false\" data-marvy_enable_floating_heart_animation=\"false\" data-marvy_enable_particles_wave_animation=\"false\" data-marvy_enable_dna_animation=\"false\" data-marvy_enable_beyblade_animation=\"false\" class=\"elementor-section elementor-top-section elementor-element elementor-element-2ad3f7b elementor-section-boxed elementor-section-height-default elementor-section-height-default\" data-id=\"2ad3f7b\" data-element_type=\"section\">\n\t\t\t\t\t\t<div class=\"elementor-container elementor-column-gap-default\">\n\t\t\t\t\t<div class=\"elementor-column elementor-col-100 elementor-top-column elementor-element elementor-element-8d44300\" data-id=\"8d44300\" data-element_type=\"column\">\n\t\t\t<div class=\"elementor-widget-wrap elementor-element-populated\">\n\t\t\t\t\t\t<div class=\"elementor-element elementor-element-d147de8 elementor-widget elementor-widget-text-editor\" data-id=\"d147de8\" data-element_type=\"widget\" data-widget_type=\"text-editor.default\">\n\t\t\t\t<div class=\"elementor-widget-container\">\n\t\t\t\t\t\t\t\t\t<p>Descubre el poder de una gesti\u00f3n de contenidos audiovisuales impecable con HM Group. M\u00e1s que expertos en el \u00e1rea, somos arquitectos de experiencias inolvidables, dise\u00f1ando cada detalle de tu evento con maestr\u00eda y visi\u00f3n.<\/p><p>En HM Group, entendemos que el contenido es el alma de cualquier evento audiovisual. Es por eso que nos dedicamos a ofrecer un servicio completo de gesti\u00f3n de contenidos, desde la creaci\u00f3n hasta la proyecci\u00f3n, asegurando que cada elemento visual y auditivo contribuya de manera significativa a la narrativa general del evento.<\/p><p>Conf\u00eda en nosotros para llevar tus ideas al siguiente nivel. Nuestro equipo de talentosos creativos trabaja en estrecha colaboraci\u00f3n contigo para desarrollar contenido que no solo sea impactante y memorable, sino tambi\u00e9n coherente con tus objetivos y mensaje.<\/p><p>Adem\u00e1s, al confiar en HM Group para la gesti\u00f3n de contenidos, puedes estar seguro de que la proyecci\u00f3n en tu evento ser\u00e1 impecable. Nuestro profundo conocimiento de los medios audiovisuales nos permite optimizar la calidad y la presentaci\u00f3n de cada elemento, garantizando una experiencia visual y auditiva que cautivar\u00e1 a tu audiencia.<\/p><p>En resumen, con HM Group a tu lado, puedes estar seguro de que tu evento audiovisual ser\u00e1 todo un \u00e9xito. D\u00e9janos encargarnos de la gesti\u00f3n de contenidos y haz que cada momento brille con la excelencia y la creatividad que nos distingue.<\/p>\t\t\t\t\t\t\t\t<\/div>\n\t\t\t\t<\/div>\n\t\t\t\t\t<\/div>\n\t\t<\/div>\n\t\t\t\t\t<\/div>\n\t\t<\/section>\n\t\t\t\t<\/div>","protected":false},"excerpt":{"rendered":"<p>Descubre el poder de una gesti\u00f3n de contenidos audiovisuales impecable con HM Group. M\u00e1s que expertos en el \u00e1rea, somos arquitectos de experiencias inolvidables, dise\u00f1ando cada detalle de tu evento con maestr\u00eda y visi\u00f3n. En HM Group, entendemos que el contenido es el alma de cualquier evento audiovisual. Es por eso que nos dedicamos a [&hellip;]<\/p>","protected":false},"author":1,"featured_media":0,"parent":0,"menu_order":0,"comment_status":"closed","ping_status":"closed","template":"","meta":{"_monsterinsights_skip_tracking":false,"_monsterinsights_sitenote_active":false,"_monsterinsights_sitenote_note":"","_monsterinsights_sitenote_category":0,"footnotes":""},"class_list":["post-1729","page","type-page","status-publish","hentry"],"yoast_head":"<!-- This site is optimized with the Yoast SEO plugin v26.3 - https:\/\/yoast.com\/wordpress\/plugins\/seo\/ -->\n<title>Gesti\u00f3n de Contenido - HM Group<\/title>\n<meta name=\"robots\" content=\"index, follow, max-snippet:-1, max-image-preview:large, max-video-preview:-1\" \/>\n<link rel=\"canonical\" href=\"https:\/\/hmgroupmx.com\/en\/gestion-de-contenido\/\" \/>\n<meta property=\"og:locale\" content=\"en_US\" \/>\n<meta property=\"og:type\" content=\"article\" \/>\n<meta property=\"og:title\" content=\"Gesti\u00f3n de Contenido - HM Group\" \/>\n<meta property=\"og:description\" content=\"Descubre el poder de una gesti\u00f3n de contenidos audiovisuales impecable con HM Group. M\u00e1s que expertos en el \u00e1rea, somos arquitectos de experiencias inolvidables, dise\u00f1ando cada detalle de tu evento con maestr\u00eda y visi\u00f3n. En HM Group, entendemos que el contenido es el alma de cualquier evento audiovisual. Es por eso que nos dedicamos a [&hellip;]\" \/>\n<meta property=\"og:url\" content=\"https:\/\/hmgroupmx.com\/en\/gestion-de-contenido\/\" \/>\n<meta property=\"og:site_name\" content=\"HM Group\" \/>\n<meta property=\"article:publisher\" content=\"https:\/\/www.facebook.com\/profile.php?id=100057281447889\" \/>\n<meta property=\"article:modified_time\" content=\"2024-02-08T08:51:45+00:00\" \/>\n<meta name=\"twitter:card\" content=\"summary_large_image\" \/>\n<meta name=\"twitter:label1\" content=\"Est. reading time\" \/>\n\t<meta name=\"twitter:data1\" content=\"1 minute\" \/>\n<script type=\"application\/ld+json\" class=\"yoast-schema-graph\">{\"@context\":\"https:\/\/schema.org\",\"@graph\":[{\"@type\":\"WebPage\",\"@id\":\"https:\/\/hmgroupmx.com\/gestion-de-contenido\/\",\"url\":\"https:\/\/hmgroupmx.com\/gestion-de-contenido\/\",\"name\":\"Gesti\u00f3n de Contenido - HM Group\",\"isPartOf\":{\"@id\":\"https:\/\/hmgroupmx.com\/#website\"},\"datePublished\":\"2024-02-08T08:49:22+00:00\",\"dateModified\":\"2024-02-08T08:51:45+00:00\",\"breadcrumb\":{\"@id\":\"https:\/\/hmgroupmx.com\/gestion-de-contenido\/#breadcrumb\"},\"inLanguage\":\"en-US\",\"potentialAction\":[{\"@type\":\"ReadAction\",\"target\":[\"https:\/\/hmgroupmx.com\/gestion-de-contenido\/\"]}]},{\"@type\":\"BreadcrumbList\",\"@id\":\"https:\/\/hmgroupmx.com\/gestion-de-contenido\/#breadcrumb\",\"itemListElement\":[{\"@type\":\"ListItem\",\"position\":1,\"name\":\"Portada\",\"item\":\"https:\/\/hmgroupmx.com\/\"},{\"@type\":\"ListItem\",\"position\":2,\"name\":\"Gesti\u00f3n de Contenido\"}]},{\"@type\":\"WebSite\",\"@id\":\"https:\/\/hmgroupmx.com\/#website\",\"url\":\"https:\/\/hmgroupmx.com\/\",\"name\":\"HM Group\",\"description\":\"Servicios Audiovisuales\",\"publisher\":{\"@id\":\"https:\/\/hmgroupmx.com\/#organization\"},\"potentialAction\":[{\"@type\":\"SearchAction\",\"target\":{\"@type\":\"EntryPoint\",\"urlTemplate\":\"https:\/\/hmgroupmx.com\/?s={search_term_string}\"},\"query-input\":{\"@type\":\"PropertyValueSpecification\",\"valueRequired\":true,\"valueName\":\"search_term_string\"}}],\"inLanguage\":\"en-US\"},{\"@type\":\"Organization\",\"@id\":\"https:\/\/hmgroupmx.com\/#organization\",\"name\":\"HM Group\",\"url\":\"https:\/\/hmgroupmx.com\/\",\"logo\":{\"@type\":\"ImageObject\",\"inLanguage\":\"en-US\",\"@id\":\"https:\/\/hmgroupmx.com\/#\/schema\/logo\/image\/\",\"url\":\"https:\/\/hmgroupmx.com\/wp-content\/uploads\/2025\/04\/Logo-con-fondo-500-x-500.jpg\",\"contentUrl\":\"https:\/\/hmgroupmx.com\/wp-content\/uploads\/2025\/04\/Logo-con-fondo-500-x-500.jpg\",\"width\":500,\"height\":500,\"caption\":\"HM Group\"},\"image\":{\"@id\":\"https:\/\/hmgroupmx.com\/#\/schema\/logo\/image\/\"},\"sameAs\":[\"https:\/\/www.facebook.com\/profile.php?id=100057281447889\"]}]}<\/script>\n<!-- \/ Yoast SEO plugin. -->","yoast_head_json":{"title":"Gesti\u00f3n de Contenido - HM Group","robots":{"index":"index","follow":"follow","max-snippet":"max-snippet:-1","max-image-preview":"max-image-preview:large","max-video-preview":"max-video-preview:-1"},"canonical":"https:\/\/hmgroupmx.com\/en\/gestion-de-contenido\/","og_locale":"en_US","og_type":"article","og_title":"Gesti\u00f3n de Contenido - HM Group","og_description":"Descubre el poder de una gesti\u00f3n de contenidos audiovisuales impecable con HM Group. M\u00e1s que expertos en el \u00e1rea, somos arquitectos de experiencias inolvidables, dise\u00f1ando cada detalle de tu evento con maestr\u00eda y visi\u00f3n. En HM Group, entendemos que el contenido es el alma de cualquier evento audiovisual. Es por eso que nos dedicamos a [&hellip;]","og_url":"https:\/\/hmgroupmx.com\/en\/gestion-de-contenido\/","og_site_name":"HM Group","article_publisher":"https:\/\/www.facebook.com\/profile.php?id=100057281447889","article_modified_time":"2024-02-08T08:51:45+00:00","twitter_card":"summary_large_image","twitter_misc":{"Est. reading time":"1 minute"},"schema":{"@context":"https:\/\/schema.org","@graph":[{"@type":"WebPage","@id":"https:\/\/hmgroupmx.com\/gestion-de-contenido\/","url":"https:\/\/hmgroupmx.com\/gestion-de-contenido\/","name":"Gesti\u00f3n de Contenido - HM Group","isPartOf":{"@id":"https:\/\/hmgroupmx.com\/#website"},"datePublished":"2024-02-08T08:49:22+00:00","dateModified":"2024-02-08T08:51:45+00:00","breadcrumb":{"@id":"https:\/\/hmgroupmx.com\/gestion-de-contenido\/#breadcrumb"},"inLanguage":"en-US","potentialAction":[{"@type":"ReadAction","target":["https:\/\/hmgroupmx.com\/gestion-de-contenido\/"]}]},{"@type":"BreadcrumbList","@id":"https:\/\/hmgroupmx.com\/gestion-de-contenido\/#breadcrumb","itemListElement":[{"@type":"ListItem","position":1,"name":"Portada","item":"https:\/\/hmgroupmx.com\/"},{"@type":"ListItem","position":2,"name":"Gesti\u00f3n de Contenido"}]},{"@type":"WebSite","@id":"https:\/\/hmgroupmx.com\/#website","url":"https:\/\/hmgroupmx.com\/","name":"HM Group","description":"Servicios Audiovisuales","publisher":{"@id":"https:\/\/hmgroupmx.com\/#organization"},"potentialAction":[{"@type":"SearchAction","target":{"@type":"EntryPoint","urlTemplate":"https:\/\/hmgroupmx.com\/?s={search_term_string}"},"query-input":{"@type":"PropertyValueSpecification","valueRequired":true,"valueName":"search_term_string"}}],"inLanguage":"en-US"},{"@type":"Organization","@id":"https:\/\/hmgroupmx.com\/#organization","name":"HM Group","url":"https:\/\/hmgroupmx.com\/","logo":{"@type":"ImageObject","inLanguage":"en-US","@id":"https:\/\/hmgroupmx.com\/#\/schema\/logo\/image\/","url":"https:\/\/hmgroupmx.com\/wp-content\/uploads\/2025\/04\/Logo-con-fondo-500-x-500.jpg","contentUrl":"https:\/\/hmgroupmx.com\/wp-content\/uploads\/2025\/04\/Logo-con-fondo-500-x-500.jpg","width":500,"height":500,"caption":"HM Group"},"image":{"@id":"https:\/\/hmgroupmx.com\/#\/schema\/logo\/image\/"},"sameAs":["https:\/\/www.facebook.com\/profile.php?id=100057281447889"]}]}},"_links":{"self":[{"href":"https:\/\/hmgroupmx.com\/en\/wp-json\/wp\/v2\/pages\/1729","targetHints":{"allow":["GET"]}}],"collection":[{"href":"https:\/\/hmgroupmx.com\/en\/wp-json\/wp\/v2\/pages"}],"about":[{"href":"https:\/\/hmgroupmx.com\/en\/wp-json\/wp\/v2\/types\/page"}],"author":[{"embeddable":true,"href":"https:\/\/hmgroupmx.com\/en\/wp-json\/wp\/v2\/users\/1"}],"replies":[{"embeddable":true,"href":"https:\/\/hmgroupmx.com\/en\/wp-json\/wp\/v2\/comments?post=1729"}],"version-history":[{"count":4,"href":"https:\/\/hmgroupmx.com\/en\/wp-json\/wp\/v2\/pages\/1729\/revisions"}],"predecessor-version":[{"id":1734,"href":"https:\/\/hmgroupmx.com\/en\/wp-json\/wp\/v2\/pages\/1729\/revisions\/1734"}],"wp:attachment":[{"href":"https:\/\/hmgroupmx.com\/en\/wp-json\/wp\/v2\/media?parent=1729"}],"curies":[{"name":"wp","href":"https:\/\/api.w.org\/{rel}","templated":true}]}}