{"id":1747,"date":"2024-02-08T03:32:11","date_gmt":"2024-02-08T09:32:11","guid":{"rendered":"https:\/\/www.hmsav.com.mx\/?page_id=1747"},"modified":"2024-02-08T03:34:32","modified_gmt":"2024-02-08T09:34:32","slug":"eventos-hibridos-y-virtuales","status":"publish","type":"page","link":"https:\/\/hmgroupmx.com\/en\/eventos-hibridos-y-virtuales\/","title":{"rendered":"Eventos H\u00edbridos y Virtuales"},"content":{"rendered":"<div data-elementor-type=\"wp-page\" data-elementor-id=\"1747\" class=\"elementor elementor-1747\" data-elementor-settings=\"{&quot;element_pack_global_tooltip_width&quot;:{&quot;unit&quot;:&quot;px&quot;,&quot;size&quot;:&quot;&quot;,&quot;sizes&quot;:[]},&quot;element_pack_global_tooltip_width_tablet&quot;:{&quot;unit&quot;:&quot;px&quot;,&quot;size&quot;:&quot;&quot;,&quot;sizes&quot;:[]},&quot;element_pack_global_tooltip_width_mobile&quot;:{&quot;unit&quot;:&quot;px&quot;,&quot;size&quot;:&quot;&quot;,&quot;sizes&quot;:[]},&quot;element_pack_global_tooltip_padding&quot;:{&quot;unit&quot;:&quot;px&quot;,&quot;top&quot;:&quot;&quot;,&quot;right&quot;:&quot;&quot;,&quot;bottom&quot;:&quot;&quot;,&quot;left&quot;:&quot;&quot;,&quot;isLinked&quot;:true},&quot;element_pack_global_tooltip_padding_tablet&quot;:{&quot;unit&quot;:&quot;px&quot;,&quot;top&quot;:&quot;&quot;,&quot;right&quot;:&quot;&quot;,&quot;bottom&quot;:&quot;&quot;,&quot;left&quot;:&quot;&quot;,&quot;isLinked&quot;:true},&quot;element_pack_global_tooltip_padding_mobile&quot;:{&quot;unit&quot;:&quot;px&quot;,&quot;top&quot;:&quot;&quot;,&quot;right&quot;:&quot;&quot;,&quot;bottom&quot;:&quot;&quot;,&quot;left&quot;:&quot;&quot;,&quot;isLinked&quot;:true},&quot;element_pack_global_tooltip_border_radius&quot;:{&quot;unit&quot;:&quot;px&quot;,&quot;top&quot;:&quot;&quot;,&quot;right&quot;:&quot;&quot;,&quot;bottom&quot;:&quot;&quot;,&quot;left&quot;:&quot;&quot;,&quot;isLinked&quot;:true},&quot;element_pack_global_tooltip_border_radius_tablet&quot;:{&quot;unit&quot;:&quot;px&quot;,&quot;top&quot;:&quot;&quot;,&quot;right&quot;:&quot;&quot;,&quot;bottom&quot;:&quot;&quot;,&quot;left&quot;:&quot;&quot;,&quot;isLinked&quot;:true},&quot;element_pack_global_tooltip_border_radius_mobile&quot;:{&quot;unit&quot;:&quot;px&quot;,&quot;top&quot;:&quot;&quot;,&quot;right&quot;:&quot;&quot;,&quot;bottom&quot;:&quot;&quot;,&quot;left&quot;:&quot;&quot;,&quot;isLinked&quot;:true}}\" data-elementor-post-type=\"page\">\n\t\t\t\t\t\t<section data-marvy_enable_drop_animation=\"false\" data-marvy_enable_fancy_rotate=\"false\" data-marvy_enable_flying_object=\"false\" data-marvy_enable_ripples_animation=\"false\" data-marvy_enable_waves_animation=\"false\" data-marvy_enable_rings_animation=\"false\" data-marvy_enable_topology_animation=\"false\" data-marvy_enable_gradient_animation=\"false\" data-marvy_enable_snow_animation=\"false\" data-marvy_enable_firework_animation=\"false\" data-marvy_enable_cloud_animation=\"false\" data-marvy_enable_birds_animation=\"false\" data-marvy_enable_cells_animation=\"false\" data-marvy_enable_dots_animation=\"false\" data-marvy_enable_fog_animation=\"false\" data-marvy_enable_globe_animation=\"false\" data-marvy_enable_halo_animation=\"false\" data-marvy_enable_net_animation=\"false\" data-marvy_enable_trunk_animation=\"false\" data-marvy_enable_fluid_animation=\"false\" data-marvy_enable_digitalstream_animation=\"false\" data-marvy_enable_floating_heart_animation=\"false\" data-marvy_enable_particles_wave_animation=\"false\" data-marvy_enable_dna_animation=\"false\" data-marvy_enable_beyblade_animation=\"false\" class=\"elementor-section elementor-top-section elementor-element elementor-element-a8859cb elementor-section-boxed elementor-section-height-default elementor-section-height-default\" data-id=\"a8859cb\" data-element_type=\"section\">\n\t\t\t\t\t\t<div class=\"elementor-container elementor-column-gap-default\">\n\t\t\t\t\t<div class=\"elementor-column elementor-col-100 elementor-top-column elementor-element elementor-element-1be98d2\" data-id=\"1be98d2\" data-element_type=\"column\">\n\t\t\t<div class=\"elementor-widget-wrap elementor-element-populated\">\n\t\t\t\t\t\t<div class=\"elementor-element elementor-element-d607503 elementor-widget elementor-widget-text-editor\" data-id=\"d607503\" data-element_type=\"widget\" data-widget_type=\"text-editor.default\">\n\t\t\t\t<div class=\"elementor-widget-container\">\n\t\t\t\t\t\t\t\t\t<p>los eventos h\u00edbridos y virtuales son dos tipos de eventos que han ganado popularidad, especialmente en el contexto de la pandemia mundial y la creciente digitalizaci\u00f3n de la sociedad.<\/p><ol><li><p><strong>Eventos h\u00edbridos:<\/strong> Estos eventos combinan elementos tanto presenciales como virtuales. Es decir, tienen una parte de la audiencia que asiste f\u00edsicamente al lugar del evento, mientras que otra parte participa de forma remota a trav\u00e9s de plataformas en l\u00ednea, como transmisiones en vivo, videoconferencias o chats interactivos. Los eventos h\u00edbridos permiten a las personas que no pueden asistir en persona participar de manera activa y sentirse parte del evento, al mismo tiempo que mantienen la experiencia presencial para aquellos que pueden estar presentes f\u00edsicamente.<\/p><\/li><li><p><strong>Eventos virtuales:<\/strong> Estos eventos se llevan a cabo completamente en l\u00ednea, sin la presencia f\u00edsica de los asistentes en un lugar espec\u00edfico. Todos los aspectos del evento, como presentaciones, conferencias, exhibiciones o reuniones, se realizan a trav\u00e9s de plataformas digitales. Los eventos virtuales ofrecen la ventaja de llegar a una audiencia global sin las limitaciones de la ubicaci\u00f3n geogr\u00e1fica, lo que los hace especialmente atractivos en situaciones donde viajar o reunirse en persona no es posible o conveniente.<\/p><\/li><\/ol><p>Ambos tipos de eventos tienen sus propias ventajas y desaf\u00edos, y la elecci\u00f3n entre uno u otro depender\u00e1 de los objetivos del evento, las necesidades de la audiencia y las circunstancias espec\u00edficas en las que se lleva a cabo.<\/p><p>\u00a0<\/p><p>Descubre un nuevo nivel de conexi\u00f3n y alcance global con los eventos h\u00edbridos y virtuales de HM Group. Con nuestra experiencia y equipo profesional, llevamos la magia de los eventos a cualquier parte del mundo, ya sea en persona o a trav\u00e9s de la pantalla.<\/p><p>Desde conferencias que inspiran hasta conciertos que emocionan, nuestro enfoque innovador y tecnolog\u00eda de vanguardia nos permite crear experiencias memorables tanto para la audiencia presencial como para la remota. Con HM Group, no hay l\u00edmites geogr\u00e1ficos ni barreras para tu mensaje.<\/p><p>Conf\u00eda en nosotros para guiar tu evento hacia el futuro digital con confianza y excelencia. Nuestro equipo de expertos se encargar\u00e1 de cada detalle, desde la planificaci\u00f3n hasta la ejecuci\u00f3n, garantizando una experiencia fluida y profesional en cada paso del camino.<\/p><p>\u00danete a nosotros y descubre el potencial ilimitado de los eventos h\u00edbridos y virtuales. \u00a1Juntos, llevaremos tu evento al siguiente nivel y m\u00e1s all\u00e1 de lo que cre\u00edas posible!<\/p>\t\t\t\t\t\t\t\t<\/div>\n\t\t\t\t<\/div>\n\t\t\t\t\t<\/div>\n\t\t<\/div>\n\t\t\t\t\t<\/div>\n\t\t<\/section>\n\t\t\t\t<\/div>","protected":false},"excerpt":{"rendered":"<p>los eventos h\u00edbridos y virtuales son dos tipos de eventos que han ganado popularidad, especialmente en el contexto de la pandemia mundial y la creciente digitalizaci\u00f3n de la sociedad. Eventos h\u00edbridos: Estos eventos combinan elementos tanto presenciales como virtuales. Es decir, tienen una parte de la audiencia que asiste f\u00edsicamente al lugar del evento, mientras [&hellip;]<\/p>","protected":false},"author":1,"featured_media":0,"parent":0,"menu_order":0,"comment_status":"closed","ping_status":"closed","template":"","meta":{"_monsterinsights_skip_tracking":false,"_monsterinsights_sitenote_active":false,"_monsterinsights_sitenote_note":"","_monsterinsights_sitenote_category":0,"footnotes":""},"class_list":["post-1747","page","type-page","status-publish","hentry"],"yoast_head":"<!-- This site is optimized with the Yoast SEO plugin v26.3 - https:\/\/yoast.com\/wordpress\/plugins\/seo\/ -->\n<title>Eventos H\u00edbridos y Virtuales - HM Group<\/title>\n<meta name=\"robots\" content=\"index, follow, max-snippet:-1, max-image-preview:large, max-video-preview:-1\" \/>\n<link rel=\"canonical\" href=\"https:\/\/hmgroupmx.com\/en\/eventos-hibridos-y-virtuales\/\" \/>\n<meta property=\"og:locale\" content=\"en_US\" \/>\n<meta property=\"og:type\" content=\"article\" \/>\n<meta property=\"og:title\" content=\"Eventos H\u00edbridos y Virtuales - HM Group\" \/>\n<meta property=\"og:description\" content=\"los eventos h\u00edbridos y virtuales son dos tipos de eventos que han ganado popularidad, especialmente en el contexto de la pandemia mundial y la creciente digitalizaci\u00f3n de la sociedad. Eventos h\u00edbridos: Estos eventos combinan elementos tanto presenciales como virtuales. Es decir, tienen una parte de la audiencia que asiste f\u00edsicamente al lugar del evento, mientras [&hellip;]\" \/>\n<meta property=\"og:url\" content=\"https:\/\/hmgroupmx.com\/en\/eventos-hibridos-y-virtuales\/\" \/>\n<meta property=\"og:site_name\" content=\"HM Group\" \/>\n<meta property=\"article:publisher\" content=\"https:\/\/www.facebook.com\/profile.php?id=100057281447889\" \/>\n<meta property=\"article:modified_time\" content=\"2024-02-08T09:34:32+00:00\" \/>\n<meta name=\"twitter:card\" content=\"summary_large_image\" \/>\n<meta name=\"twitter:label1\" content=\"Est. reading time\" \/>\n\t<meta name=\"twitter:data1\" content=\"2 minutes\" \/>\n<script type=\"application\/ld+json\" class=\"yoast-schema-graph\">{\"@context\":\"https:\/\/schema.org\",\"@graph\":[{\"@type\":\"WebPage\",\"@id\":\"https:\/\/hmgroupmx.com\/eventos-hibridos-y-virtuales\/\",\"url\":\"https:\/\/hmgroupmx.com\/eventos-hibridos-y-virtuales\/\",\"name\":\"Eventos H\u00edbridos y Virtuales - HM Group\",\"isPartOf\":{\"@id\":\"https:\/\/hmgroupmx.com\/#website\"},\"datePublished\":\"2024-02-08T09:32:11+00:00\",\"dateModified\":\"2024-02-08T09:34:32+00:00\",\"breadcrumb\":{\"@id\":\"https:\/\/hmgroupmx.com\/eventos-hibridos-y-virtuales\/#breadcrumb\"},\"inLanguage\":\"en-US\",\"potentialAction\":[{\"@type\":\"ReadAction\",\"target\":[\"https:\/\/hmgroupmx.com\/eventos-hibridos-y-virtuales\/\"]}]},{\"@type\":\"BreadcrumbList\",\"@id\":\"https:\/\/hmgroupmx.com\/eventos-hibridos-y-virtuales\/#breadcrumb\",\"itemListElement\":[{\"@type\":\"ListItem\",\"position\":1,\"name\":\"Portada\",\"item\":\"https:\/\/hmgroupmx.com\/\"},{\"@type\":\"ListItem\",\"position\":2,\"name\":\"Eventos H\u00edbridos y Virtuales\"}]},{\"@type\":\"WebSite\",\"@id\":\"https:\/\/hmgroupmx.com\/#website\",\"url\":\"https:\/\/hmgroupmx.com\/\",\"name\":\"HM Group\",\"description\":\"Servicios Audiovisuales\",\"publisher\":{\"@id\":\"https:\/\/hmgroupmx.com\/#organization\"},\"potentialAction\":[{\"@type\":\"SearchAction\",\"target\":{\"@type\":\"EntryPoint\",\"urlTemplate\":\"https:\/\/hmgroupmx.com\/?s={search_term_string}\"},\"query-input\":{\"@type\":\"PropertyValueSpecification\",\"valueRequired\":true,\"valueName\":\"search_term_string\"}}],\"inLanguage\":\"en-US\"},{\"@type\":\"Organization\",\"@id\":\"https:\/\/hmgroupmx.com\/#organization\",\"name\":\"HM Group\",\"url\":\"https:\/\/hmgroupmx.com\/\",\"logo\":{\"@type\":\"ImageObject\",\"inLanguage\":\"en-US\",\"@id\":\"https:\/\/hmgroupmx.com\/#\/schema\/logo\/image\/\",\"url\":\"https:\/\/hmgroupmx.com\/wp-content\/uploads\/2025\/04\/Logo-con-fondo-500-x-500.jpg\",\"contentUrl\":\"https:\/\/hmgroupmx.com\/wp-content\/uploads\/2025\/04\/Logo-con-fondo-500-x-500.jpg\",\"width\":500,\"height\":500,\"caption\":\"HM Group\"},\"image\":{\"@id\":\"https:\/\/hmgroupmx.com\/#\/schema\/logo\/image\/\"},\"sameAs\":[\"https:\/\/www.facebook.com\/profile.php?id=100057281447889\"]}]}<\/script>\n<!-- \/ Yoast SEO plugin. -->","yoast_head_json":{"title":"Eventos H\u00edbridos y Virtuales - HM Group","robots":{"index":"index","follow":"follow","max-snippet":"max-snippet:-1","max-image-preview":"max-image-preview:large","max-video-preview":"max-video-preview:-1"},"canonical":"https:\/\/hmgroupmx.com\/en\/eventos-hibridos-y-virtuales\/","og_locale":"en_US","og_type":"article","og_title":"Eventos H\u00edbridos y Virtuales - HM Group","og_description":"los eventos h\u00edbridos y virtuales son dos tipos de eventos que han ganado popularidad, especialmente en el contexto de la pandemia mundial y la creciente digitalizaci\u00f3n de la sociedad. Eventos h\u00edbridos: Estos eventos combinan elementos tanto presenciales como virtuales. Es decir, tienen una parte de la audiencia que asiste f\u00edsicamente al lugar del evento, mientras [&hellip;]","og_url":"https:\/\/hmgroupmx.com\/en\/eventos-hibridos-y-virtuales\/","og_site_name":"HM Group","article_publisher":"https:\/\/www.facebook.com\/profile.php?id=100057281447889","article_modified_time":"2024-02-08T09:34:32+00:00","twitter_card":"summary_large_image","twitter_misc":{"Est. reading time":"2 minutes"},"schema":{"@context":"https:\/\/schema.org","@graph":[{"@type":"WebPage","@id":"https:\/\/hmgroupmx.com\/eventos-hibridos-y-virtuales\/","url":"https:\/\/hmgroupmx.com\/eventos-hibridos-y-virtuales\/","name":"Eventos H\u00edbridos y Virtuales - HM Group","isPartOf":{"@id":"https:\/\/hmgroupmx.com\/#website"},"datePublished":"2024-02-08T09:32:11+00:00","dateModified":"2024-02-08T09:34:32+00:00","breadcrumb":{"@id":"https:\/\/hmgroupmx.com\/eventos-hibridos-y-virtuales\/#breadcrumb"},"inLanguage":"en-US","potentialAction":[{"@type":"ReadAction","target":["https:\/\/hmgroupmx.com\/eventos-hibridos-y-virtuales\/"]}]},{"@type":"BreadcrumbList","@id":"https:\/\/hmgroupmx.com\/eventos-hibridos-y-virtuales\/#breadcrumb","itemListElement":[{"@type":"ListItem","position":1,"name":"Portada","item":"https:\/\/hmgroupmx.com\/"},{"@type":"ListItem","position":2,"name":"Eventos H\u00edbridos y Virtuales"}]},{"@type":"WebSite","@id":"https:\/\/hmgroupmx.com\/#website","url":"https:\/\/hmgroupmx.com\/","name":"HM Group","description":"Servicios Audiovisuales","publisher":{"@id":"https:\/\/hmgroupmx.com\/#organization"},"potentialAction":[{"@type":"SearchAction","target":{"@type":"EntryPoint","urlTemplate":"https:\/\/hmgroupmx.com\/?s={search_term_string}"},"query-input":{"@type":"PropertyValueSpecification","valueRequired":true,"valueName":"search_term_string"}}],"inLanguage":"en-US"},{"@type":"Organization","@id":"https:\/\/hmgroupmx.com\/#organization","name":"HM Group","url":"https:\/\/hmgroupmx.com\/","logo":{"@type":"ImageObject","inLanguage":"en-US","@id":"https:\/\/hmgroupmx.com\/#\/schema\/logo\/image\/","url":"https:\/\/hmgroupmx.com\/wp-content\/uploads\/2025\/04\/Logo-con-fondo-500-x-500.jpg","contentUrl":"https:\/\/hmgroupmx.com\/wp-content\/uploads\/2025\/04\/Logo-con-fondo-500-x-500.jpg","width":500,"height":500,"caption":"HM Group"},"image":{"@id":"https:\/\/hmgroupmx.com\/#\/schema\/logo\/image\/"},"sameAs":["https:\/\/www.facebook.com\/profile.php?id=100057281447889"]}]}},"_links":{"self":[{"href":"https:\/\/hmgroupmx.com\/en\/wp-json\/wp\/v2\/pages\/1747","targetHints":{"allow":["GET"]}}],"collection":[{"href":"https:\/\/hmgroupmx.com\/en\/wp-json\/wp\/v2\/pages"}],"about":[{"href":"https:\/\/hmgroupmx.com\/en\/wp-json\/wp\/v2\/types\/page"}],"author":[{"embeddable":true,"href":"https:\/\/hmgroupmx.com\/en\/wp-json\/wp\/v2\/users\/1"}],"replies":[{"embeddable":true,"href":"https:\/\/hmgroupmx.com\/en\/wp-json\/wp\/v2\/comments?post=1747"}],"version-history":[{"count":5,"href":"https:\/\/hmgroupmx.com\/en\/wp-json\/wp\/v2\/pages\/1747\/revisions"}],"predecessor-version":[{"id":1752,"href":"https:\/\/hmgroupmx.com\/en\/wp-json\/wp\/v2\/pages\/1747\/revisions\/1752"}],"wp:attachment":[{"href":"https:\/\/hmgroupmx.com\/en\/wp-json\/wp\/v2\/media?parent=1747"}],"curies":[{"name":"wp","href":"https:\/\/api.w.org\/{rel}","templated":true}]}}